{"id":2254,"date":"2025-10-27T08:10:47","date_gmt":"2025-10-27T08:10:47","guid":{"rendered":"https:\/\/kpm-motor.com\/fr\/?page_id=2254"},"modified":"2025-10-27T08:14:56","modified_gmt":"2025-10-27T08:14:56","slug":"conditions-generales-de-vente-des-vehicules-neufs","status":"publish","type":"page","link":"https:\/\/kpm-motor.com\/fr\/conditions-generales-de-vente-des-vehicules-neufs\/","title":{"rendered":"Conditions G\u00e9n\u00e9rales de Vente des V\u00e9hicules Neufs"},"content":{"rendered":"\t\t<div data-elementor-type=\"wp-page\" data-elementor-id=\"2254\" class=\"elementor elementor-2254\" data-elementor-post-type=\"page\">\n\t\t\t\t<div class=\"elementor-element elementor-element-53f9dad e-con-full e-flex e-con e-parent\" data-id=\"53f9dad\" data-element_type=\"container\">\n\t\t<div class=\"elementor-element elementor-element-b615b44 e-flex e-con-boxed e-con e-child\" data-id=\"b615b44\" data-element_type=\"container\" data-settings=\"{&quot;background_background&quot;:&quot;classic&quot;}\">\n\t\t\t\t\t<div class=\"e-con-inner\">\n\t\t\t\t\t<\/div>\n\t\t\t\t<\/div>\n\t\t\t\t<\/div>\n\t\t<div class=\"elementor-element elementor-element-c4349cc e-con-full e-flex e-con e-parent\" data-id=\"c4349cc\" data-element_type=\"container\">\n\t\t<div class=\"elementor-element elementor-element-e323b55 e-flex e-con-boxed e-con e-child\" data-id=\"e323b55\" data-element_type=\"container\" data-settings=\"{&quot;background_background&quot;:&quot;classic&quot;}\">\n\t\t\t\t\t<div class=\"e-con-inner\">\n\t\t<div class=\"elementor-element elementor-element-697b924 e-con-full e-flex e-con e-child\" data-id=\"697b924\" data-element_type=\"container\">\n\t\t\t\t<div class=\"elementor-element elementor-element-055eb04 elementor-widget elementor-widget-heading\" data-id=\"055eb04\" data-element_type=\"widget\" data-widget_type=\"heading.default\">\n\t\t\t\t<div class=\"elementor-widget-container\">\n\t\t\t\t\t<h2 class=\"elementor-heading-title elementor-size-default\">Conditions G\u00e9n\u00e9rales de Vente des V\u00e9hicules Neufs<\/h2>\t\t\t\t<\/div>\n\t\t\t\t<\/div>\n\t\t\t\t<div class=\"elementor-element elementor-element-f172cfc elementor-widget-divider--view-line elementor-widget elementor-widget-divider\" data-id=\"f172cfc\" data-element_type=\"widget\" data-widget_type=\"divider.default\">\n\t\t\t\t<div class=\"elementor-widget-container\">\n\t\t\t\t\t\t\t<div class=\"elementor-divider\">\n\t\t\t<span class=\"elementor-divider-separator\">\n\t\t\t\t\t\t<\/span>\n\t\t<\/div>\n\t\t\t\t\t\t<\/div>\n\t\t\t\t<\/div>\n\t\t\t\t<div class=\"elementor-element elementor-element-aaa49ad elementor-widget elementor-widget-text-editor\" data-id=\"aaa49ad\" data-element_type=\"widget\" data-widget_type=\"text-editor.default\">\n\t\t\t\t<div class=\"elementor-widget-container\">\n\t\t\t\t\t\t\t\t\t<p>CONDITIONS G\u00c9N\u00c9RALES DE VENTE<\/p><p><strong>1. Objet du Contrat<\/strong><br \/>Les pr\u00e9sentes Conditions G\u00e9n\u00e9rales r\u00e9gissent la vente de v\u00e9hicules neufs entre le Vendeur et l\u2019Acheteur, sauf stipulation contraire dans le contrat.<br \/><strong>2. Prix et Paiement<\/strong><br \/>En signant le contrat, l\u2019Acheteur s\u2019engage \u00e0 payer le prix d\u2019achat convenu par \u00e9crit. Le prix total d\u2019achat doit \u00eatre pay\u00e9 avant la livraison du v\u00e9hicule, sauf accord \u00e9crit contraire entre les parties.<br \/>Aux fins des pr\u00e9sentes Conditions, la forme \u00e9crite comprend \u00e9galement l\u2019\u00e9change de d\u00e9clarations d\u2019intention par courrier \u00e9lectronique, sauf si la loi ou le contrat exigent express\u00e9ment une autre forme. Ces communications ont le m\u00eame effet juridique qu\u2019un document \u00e9crit.<br \/><strong>3. Livraison du V\u00e9hicule<\/strong><br \/>L\u2019Acheteur s\u2019engage \u00e0 prendre livraison du v\u00e9hicule apr\u00e8s le paiement int\u00e9gral du prix d\u2019achat.<br \/>La remise doit avoir lieu au plus tard 20 jours apr\u00e8s la date d\u2019\u00e9mission de la facture pro forma.<br \/>En cas de retard de retrait, l\u2019Acheteur accepte de payer au Vendeur une p\u00e9nalit\u00e9 contractuelle de 3,00 EUR + TVA pour chaque jour calendaire de retard, jusqu\u2019\u00e0 la date effective de remise.<br \/><strong>4. Lieu de Stockage<\/strong><br \/>Tous les v\u00e9hicules sont entrepos\u00e9s dans l\u2019entrep\u00f4t du Vendeur situ\u00e9 \u00e0 \u010ce\u0161\u010da vas 40, 8000 Novo mesto, Slov\u00e9nie.<br \/>La remise du v\u00e9hicule a lieu \u00e0 cette adresse, sauf accord \u00e9crit contraire entre les parties.<br \/><strong>5. Transfert de Propri\u00e9t\u00e9 et de Responsabilit\u00e9<\/strong><br \/>La propri\u00e9t\u00e9 du v\u00e9hicule est transf\u00e9r\u00e9e \u00e0 l\u2019Acheteur d\u00e8s le paiement int\u00e9gral du prix d\u2019achat.<br \/>\u00c0 partir du moment de la remise, l\u2019Acheteur assume l\u2019enti\u00e8re responsabilit\u00e9 du v\u00e9hicule, y compris son immatriculation, son assurance, son utilisation et ses frais d\u2019entretien.<br \/><strong>6. Garantie et R\u00e9clamations<\/strong><br \/>Tous les v\u00e9hicules b\u00e9n\u00e9ficient de la garantie du constructeur.<br \/>Les r\u00e9clamations sont accept\u00e9es exclusivement dans les conditions fix\u00e9es par le constructeur.<br \/>Le Vendeur n\u2019assume aucune responsabilit\u00e9 pour les d\u00e9fauts r\u00e9sultant d\u2019une mauvaise utilisation ou d\u2019un dommage survenu pendant le transport.<br \/><strong>7. Dispositions Finales<\/strong><br \/>Les pr\u00e9sentes Conditions G\u00e9n\u00e9rales font partie int\u00e9grante de chaque contrat de vente et deviennent contraignantes pour l\u2019Acheteur d\u00e8s la signature du contrat.<br \/>Pour toutes les questions non express\u00e9ment r\u00e9gl\u00e9es par les pr\u00e9sentes Conditions, les dispositions des lois applicables de la R\u00e9publique de Slov\u00e9nie s\u2019appliquent.<\/p>\t\t\t\t\t\t\t\t<\/div>\n\t\t\t\t<\/div>\n\t\t\t\t<div class=\"elementor-element elementor-element-6bb92ba elementor-icon-list--layout-traditional elementor-list-item-link-full_width elementor-widget elementor-widget-icon-list\" data-id=\"6bb92ba\" data-element_type=\"widget\" data-widget_type=\"icon-list.default\">\n\t\t\t\t<div class=\"elementor-widget-container\">\n\t\t\t\t\t\t\t<ul class=\"elementor-icon-list-items\">\n\t\t\t\t\t\t\t<li class=\"elementor-icon-list-item\">\n\t\t\t\t\t\t\t\t\t\t\t<a href=\"https:\/\/kpm-motor.com\/fr\/wp-content\/uploads\/2025\/10\/AGB-fr-2025.pdf\">\n\n\t\t\t\t\t\t\t\t\t\t\t\t<span class=\"elementor-icon-list-icon\">\n\t\t\t\t\t\t\t<i aria-hidden=\"true\" class=\"far fa-file-pdf\"><\/i>\t\t\t\t\t\t<\/span>\n\t\t\t\t\t\t\t\t\t\t<span class=\"elementor-icon-list-text\">Conditions G\u00e9n\u00e9rales de Vente des V\u00e9hicules Neufs.pdf<\/span>\n\t\t\t\t\t\t\t\t\t\t\t<\/a>\n\t\t\t\t\t\t\t\t\t<\/li>\n\t\t\t\t\t\t<\/ul>\n\t\t\t\t\t\t<\/div>\n\t\t\t\t<\/div>\n\t\t\t\t<\/div>\n\t\t\t\t\t<\/div>\n\t\t\t\t<\/div>\n\t\t\t\t<\/div>\n\t\t\t\t<\/div>\n\t\t","protected":false},"excerpt":{"rendered":"<p>Conditions G\u00e9n\u00e9rales de Vente des V\u00e9hicules Neufs CONDITIONS G\u00c9N\u00c9RALES DE VENTE 1. Objet du ContratLes pr\u00e9sentes Conditions G\u00e9n\u00e9rales r\u00e9gissent la vente de v\u00e9hicules neufs entre le Vendeur et l\u2019Acheteur, sauf stipulation contraire dans le contrat.2. Prix et PaiementEn signant le contrat, l\u2019Acheteur s\u2019engage \u00e0 payer le prix d\u2019achat convenu par \u00e9crit. Le prix total d\u2019achat [&hellip;]<\/p>\n","protected":false},"author":2,"featured_media":0,"parent":0,"menu_order":0,"comment_status":"closed","ping_status":"closed","template":"","meta":{"_seopress_robots_primary_cat":"","_seopress_titles_title":"","_seopress_titles_desc":"","_seopress_robots_index":"","site-sidebar-layout":"no-sidebar","site-content-layout":"page-builder","ast-site-content-layout":"full-width-container","site-content-style":"unboxed","site-sidebar-style":"unboxed","ast-global-header-display":"","ast-banner-title-visibility":"disabled","ast-main-header-display":"","ast-hfb-above-header-display":"","ast-hfb-below-header-display":"","ast-hfb-mobile-header-display":"","site-post-title":"disabled","ast-breadcrumbs-content":"","ast-featured-img":"disabled","footer-sml-layout":"","theme-transparent-header-meta":"enabled","adv-header-id-meta":"","stick-header-meta":"","header-above-stick-meta":"","header-main-stick-meta":"","header-below-stick-meta":"","astra-migrate-meta-layouts":"set","ast-page-background-enabled":"default","ast-page-background-meta":{"desktop":{"background-color":"var(--ast-global-color-4)","background-image":"","background-repeat":"repeat","background-position":"center center","background-size":"auto","background-attachment":"scroll","background-type":"","background-media":"","overlay-type":"","overlay-color":"","overlay-opacity":"","overlay-gradient":""},"tablet":{"background-color":"","background-image":"","background-repeat":"repeat","background-position":"center center","background-size":"auto","background-attachment":"scroll","background-type":"","background-media":"","overlay-type":"","overlay-color":"","overlay-opacity":"","overlay-gradient":""},"mobile":{"background-color":"","background-image":"","background-repeat":"repeat","background-position":"center center","background-size":"auto","background-attachment":"scroll","background-type":"","background-media":"","overlay-type":"","overlay-color":"","overlay-opacity":"","overlay-gradient":""}},"ast-content-background-meta":{"desktop":{"background-color":"var(--ast-global-color-5)","background-image":"","background-repeat":"repeat","background-position":"center center","background-size":"auto","background-attachment":"scroll","background-type":"","background-media":"","overlay-type":"","overlay-color":"","overlay-opacity":"","overlay-gradient":""},"tablet":{"background-color":"var(--ast-global-color-5)","background-image":"","background-repeat":"repeat","background-position":"center center","background-size":"auto","background-attachment":"scroll","background-type":"","background-media":"","overlay-type":"","overlay-color":"","overlay-opacity":"","overlay-gradient":""},"mobile":{"background-color":"var(--ast-global-color-5)","background-image":"","background-repeat":"repeat","background-position":"center center","background-size":"auto","background-attachment":"scroll","background-type":"","background-media":"","overlay-type":"","overlay-color":"","overlay-opacity":"","overlay-gradient":""}},"footnotes":""},"class_list":["post-2254","page","type-page","status-publish","hentry"],"_links":{"self":[{"href":"https:\/\/kpm-motor.com\/fr\/wp-json\/wp\/v2\/pages\/2254","targetHints":{"allow":["GET"]}}],"collection":[{"href":"https:\/\/kpm-motor.com\/fr\/wp-json\/wp\/v2\/pages"}],"about":[{"href":"https:\/\/kpm-motor.com\/fr\/wp-json\/wp\/v2\/types\/page"}],"author":[{"embeddable":true,"href":"https:\/\/kpm-motor.com\/fr\/wp-json\/wp\/v2\/users\/2"}],"replies":[{"embeddable":true,"href":"https:\/\/kpm-motor.com\/fr\/wp-json\/wp\/v2\/comments?post=2254"}],"version-history":[{"count":4,"href":"https:\/\/kpm-motor.com\/fr\/wp-json\/wp\/v2\/pages\/2254\/revisions"}],"predecessor-version":[{"id":2258,"href":"https:\/\/kpm-motor.com\/fr\/wp-json\/wp\/v2\/pages\/2254\/revisions\/2258"}],"wp:attachment":[{"href":"https:\/\/kpm-motor.com\/fr\/wp-json\/wp\/v2\/media?parent=2254"}],"curies":[{"name":"wp","href":"https:\/\/api.w.org\/{rel}","templated":true}]}}