{"id":1671,"date":"2025-02-12T07:31:25","date_gmt":"2025-02-12T07:31:25","guid":{"rendered":"https:\/\/kpm.marcelino.ninja\/?page_id=1671"},"modified":"2025-03-06T20:13:44","modified_gmt":"2025-03-06T20:13:44","slug":"notice","status":"publish","type":"page","link":"https:\/\/kpm-motor.com\/fr\/notice\/","title":{"rendered":"Notice"},"content":{"rendered":"\t\t<div data-elementor-type=\"wp-page\" data-elementor-id=\"1671\" class=\"elementor elementor-1671\" data-elementor-post-type=\"page\">\n\t\t\t\t<div class=\"elementor-element elementor-element-53f9dad e-con-full e-flex e-con e-parent\" data-id=\"53f9dad\" data-element_type=\"container\">\n\t\t<div class=\"elementor-element elementor-element-b615b44 e-flex e-con-boxed e-con e-child\" data-id=\"b615b44\" data-element_type=\"container\" data-settings=\"{&quot;background_background&quot;:&quot;classic&quot;}\">\n\t\t\t\t\t<div class=\"e-con-inner\">\n\t\t\t\t\t<\/div>\n\t\t\t\t<\/div>\n\t\t\t\t<\/div>\n\t\t<div class=\"elementor-element elementor-element-c4349cc e-con-full e-flex e-con e-parent\" data-id=\"c4349cc\" data-element_type=\"container\">\n\t\t<div class=\"elementor-element elementor-element-e323b55 e-flex e-con-boxed e-con e-child\" data-id=\"e323b55\" data-element_type=\"container\" data-settings=\"{&quot;background_background&quot;:&quot;classic&quot;}\">\n\t\t\t\t\t<div class=\"e-con-inner\">\n\t\t<div class=\"elementor-element elementor-element-697b924 e-con-full e-flex e-con e-child\" data-id=\"697b924\" data-element_type=\"container\">\n\t\t\t\t<div class=\"elementor-element elementor-element-055eb04 elementor-widget elementor-widget-heading\" data-id=\"055eb04\" data-element_type=\"widget\" data-widget_type=\"heading.default\">\n\t\t\t\t<div class=\"elementor-widget-container\">\n\t\t\t\t\t<h2 class=\"elementor-heading-title elementor-size-default\">Impressum<\/h2>\t\t\t\t<\/div>\n\t\t\t\t<\/div>\n\t\t\t\t<div class=\"elementor-element elementor-element-f172cfc elementor-widget-divider--view-line elementor-widget elementor-widget-divider\" data-id=\"f172cfc\" data-element_type=\"widget\" data-widget_type=\"divider.default\">\n\t\t\t\t<div class=\"elementor-widget-container\">\n\t\t\t\t\t\t\t<div class=\"elementor-divider\">\n\t\t\t<span class=\"elementor-divider-separator\">\n\t\t\t\t\t\t<\/span>\n\t\t<\/div>\n\t\t\t\t\t\t<\/div>\n\t\t\t\t<\/div>\n\t\t\t\t<div class=\"elementor-element elementor-element-aaa49ad elementor-widget elementor-widget-text-editor\" data-id=\"aaa49ad\" data-element_type=\"widget\" data-widget_type=\"text-editor.default\">\n\t\t\t\t<div class=\"elementor-widget-container\">\n\t\t\t\t\t\t\t\t\t<p data-pm-slice=\"1 1 []\"><strong>Mentions l\u00e9gales<\/strong><\/p><p><strong>Nom de l&#8217;entreprise :<\/strong> KPM Motor d.o.o.<br \/><strong>Adresse :<\/strong> Ipav\u010deva ulica 21, 3000 Celje<br \/><strong>E-mail :<\/strong> <a>info@kpm-motor.com<\/a><br \/><strong>Site web :<\/strong> <a>http:\/\/www.kpm-motor.com\/<\/a><\/p><p>L&#8217;entreprise est enregistr\u00e9e aupr\u00e8s du Tribunal de district de Celje.<br \/><strong>Num\u00e9ro d&#8217;immatriculation :<\/strong> 6835210000<br \/><strong>Num\u00e9ro de TVA :<\/strong> SI32931522<br \/><strong>Assujetti \u00e0 la TVA :<\/strong> Oui (SI32931522)<br \/><strong>Directeur :<\/strong> Peter Mar\u010deta<br \/><strong>Compte bancaire (IBAN) :<\/strong> SI56 0223 2026 1451 715<br \/><strong>Banque :<\/strong> NLB d.d.<\/p><p><strong>Cr\u00e9ation du site web<\/strong><br \/>Le site web a \u00e9t\u00e9 con\u00e7u en collaboration avec un prestataire de services web.<\/p><p><strong>Objectif du site web<\/strong><br \/>Les informations fournies sur ce site web sont destin\u00e9es \u00e0 pr\u00e9senter les principales activit\u00e9s pour lesquelles nous sommes enregistr\u00e9s. Nous nous engageons \u00e0 ce que les informations publi\u00e9es sur le site soient exactes, fiables et de haute qualit\u00e9.<br \/>Nous ne sommes pas responsables des erreurs typographiques \u00e9ventuelles et nous nous r\u00e9servons le droit de modifier le contenu \u00e0 tout moment sans pr\u00e9avis, si celui-ci ne correspond plus \u00e0 notre politique d&#8217;entreprise.<\/p><p><strong>Droits d&#8217;utilisation<\/strong><br \/>Ce site web et tout son contenu sont prot\u00e9g\u00e9s par des droits de propri\u00e9t\u00e9 industrielle et intellectuelle. Toutes les informations, textes, images ou autres \u00e9l\u00e9ments graphiques pr\u00e9sents sur ce site web ne peuvent \u00eatre utilis\u00e9s qu&#8217;\u00e0 des fins personnelles et non commerciales. Ils ne peuvent en aucun cas \u00eatre reproduits, modifi\u00e9s, distribu\u00e9s, conc\u00e9d\u00e9s sous licence ou publi\u00e9s sous quelque forme que ce soit sans l&#8217;autorisation \u00e9crite pr\u00e9alable du gestionnaire du site.<\/p><p><strong>Responsabilit\u00e9<\/strong><br \/>Nous nous effor\u00e7ons de garantir l&#8217;exactitude et la mise \u00e0 jour des informations figurant sur ce site web. Toutefois, nous ne garantissons pas leur pr\u00e9cision ni leur exhaustivit\u00e9 et nous d\u00e9clinons toute responsabilit\u00e9 pour les dommages r\u00e9sultant de leur utilisation. Tous les utilisateurs exploitent le contenu publi\u00e9 sous leur propre responsabilit\u00e9.<br \/>Nous nous r\u00e9servons le droit de modifier \u00e0 tout moment le contenu de notre site web, de quelque mani\u00e8re que ce soit et sans pr\u00e9avis.<\/p><p><strong>D\u00e9veloppement technologique<\/strong><br \/>La mise en \u0153uvre technologique a \u00e9t\u00e9 assur\u00e9e par une agence de programmation et de design en collaboration avec notre entreprise.<\/p>\t\t\t\t\t\t\t\t<\/div>\n\t\t\t\t<\/div>\n\t\t\t\t<\/div>\n\t\t\t\t\t<\/div>\n\t\t\t\t<\/div>\n\t\t\t\t<\/div>\n\t\t\t\t<\/div>\n\t\t","protected":false},"excerpt":{"rendered":"<p>Impressum Mentions l\u00e9gales Nom de l&#8217;entreprise : KPM Motor d.o.o.Adresse : Ipav\u010deva ulica 21, 3000 CeljeE-mail : info@kpm-motor.comSite web : http:\/\/www.kpm-motor.com\/ L&#8217;entreprise est enregistr\u00e9e aupr\u00e8s du Tribunal de district de Celje.Num\u00e9ro d&#8217;immatriculation : 6835210000Num\u00e9ro de TVA : SI32931522Assujetti \u00e0 la TVA : Oui (SI32931522)Directeur : Peter Mar\u010detaCompte bancaire (IBAN) : SI56 0223 2026 1451 715Banque [&hellip;]<\/p>\n","protected":false},"author":2,"featured_media":0,"parent":0,"menu_order":0,"comment_status":"closed","ping_status":"closed","template":"","meta":{"_seopress_robots_primary_cat":"","_seopress_titles_title":"","_seopress_titles_desc":"","_seopress_robots_index":"","site-sidebar-layout":"no-sidebar","site-content-layout":"page-builder","ast-site-content-layout":"full-width-container","site-content-style":"unboxed","site-sidebar-style":"unboxed","ast-global-header-display":"","ast-banner-title-visibility":"disabled","ast-main-header-display":"","ast-hfb-above-header-display":"","ast-hfb-below-header-display":"","ast-hfb-mobile-header-display":"","site-post-title":"disabled","ast-breadcrumbs-content":"","ast-featured-img":"disabled","footer-sml-layout":"","theme-transparent-header-meta":"enabled","adv-header-id-meta":"","stick-header-meta":"","header-above-stick-meta":"","header-main-stick-meta":"","header-below-stick-meta":"","astra-migrate-meta-layouts":"set","ast-page-background-enabled":"default","ast-page-background-meta":{"desktop":{"background-color":"var(--ast-global-color-4)","background-image":"","background-repeat":"repeat","background-position":"center center","background-size":"auto","background-attachment":"scroll","background-type":"","background-media":"","overlay-type":"","overlay-color":"","overlay-opacity":"","overlay-gradient":""},"tablet":{"background-color":"","background-image":"","background-repeat":"repeat","background-position":"center center","background-size":"auto","background-attachment":"scroll","background-type":"","background-media":"","overlay-type":"","overlay-color":"","overlay-opacity":"","overlay-gradient":""},"mobile":{"background-color":"","background-image":"","background-repeat":"repeat","background-position":"center center","background-size":"auto","background-attachment":"scroll","background-type":"","background-media":"","overlay-type":"","overlay-color":"","overlay-opacity":"","overlay-gradient":""}},"ast-content-background-meta":{"desktop":{"background-color":"var(--ast-global-color-5)","background-image":"","background-repeat":"repeat","background-position":"center center","background-size":"auto","background-attachment":"scroll","background-type":"","background-media":"","overlay-type":"","overlay-color":"","overlay-opacity":"","overlay-gradient":""},"tablet":{"background-color":"var(--ast-global-color-5)","background-image":"","background-repeat":"repeat","background-position":"center center","background-size":"auto","background-attachment":"scroll","background-type":"","background-media":"","overlay-type":"","overlay-color":"","overlay-opacity":"","overlay-gradient":""},"mobile":{"background-color":"var(--ast-global-color-5)","background-image":"","background-repeat":"repeat","background-position":"center center","background-size":"auto","background-attachment":"scroll","background-type":"","background-media":"","overlay-type":"","overlay-color":"","overlay-opacity":"","overlay-gradient":""}},"footnotes":""},"class_list":["post-1671","page","type-page","status-publish","hentry"],"_links":{"self":[{"href":"https:\/\/kpm-motor.com\/fr\/wp-json\/wp\/v2\/pages\/1671","targetHints":{"allow":["GET"]}}],"collection":[{"href":"https:\/\/kpm-motor.com\/fr\/wp-json\/wp\/v2\/pages"}],"about":[{"href":"https:\/\/kpm-motor.com\/fr\/wp-json\/wp\/v2\/types\/page"}],"author":[{"embeddable":true,"href":"https:\/\/kpm-motor.com\/fr\/wp-json\/wp\/v2\/users\/2"}],"replies":[{"embeddable":true,"href":"https:\/\/kpm-motor.com\/fr\/wp-json\/wp\/v2\/comments?post=1671"}],"version-history":[{"count":0,"href":"https:\/\/kpm-motor.com\/fr\/wp-json\/wp\/v2\/pages\/1671\/revisions"}],"wp:attachment":[{"href":"https:\/\/kpm-motor.com\/fr\/wp-json\/wp\/v2\/media?parent=1671"}],"curies":[{"name":"wp","href":"https:\/\/api.w.org\/{rel}","templated":true}]}}