{"id":1666,"date":"2025-02-12T07:29:23","date_gmt":"2025-02-12T07:29:23","guid":{"rendered":"https:\/\/kpm.marcelino.ninja\/?page_id=1666"},"modified":"2025-03-06T20:10:43","modified_gmt":"2025-03-06T20:10:43","slug":"politique-de-confidentialite","status":"publish","type":"page","link":"https:\/\/kpm-motor.com\/fr\/politique-de-confidentialite\/","title":{"rendered":"Politique de confidentialit\u00e9"},"content":{"rendered":"\t\t<div data-elementor-type=\"wp-page\" data-elementor-id=\"1666\" class=\"elementor elementor-1666\" data-elementor-post-type=\"page\">\n\t\t\t\t<div class=\"elementor-element elementor-element-53f9dad e-con-full e-flex e-con e-parent\" data-id=\"53f9dad\" data-element_type=\"container\">\n\t\t<div class=\"elementor-element elementor-element-b615b44 e-flex e-con-boxed e-con e-child\" data-id=\"b615b44\" data-element_type=\"container\" data-settings=\"{&quot;background_background&quot;:&quot;classic&quot;}\">\n\t\t\t\t\t<div class=\"e-con-inner\">\n\t\t\t\t\t<\/div>\n\t\t\t\t<\/div>\n\t\t\t\t<\/div>\n\t\t<div class=\"elementor-element elementor-element-c4349cc e-con-full e-flex e-con e-parent\" data-id=\"c4349cc\" data-element_type=\"container\">\n\t\t<div class=\"elementor-element elementor-element-e323b55 e-flex e-con-boxed e-con e-child\" data-id=\"e323b55\" data-element_type=\"container\" data-settings=\"{&quot;background_background&quot;:&quot;classic&quot;}\">\n\t\t\t\t\t<div class=\"e-con-inner\">\n\t\t<div class=\"elementor-element elementor-element-697b924 e-con-full e-flex e-con e-child\" data-id=\"697b924\" data-element_type=\"container\">\n\t\t\t\t<div class=\"elementor-element elementor-element-055eb04 elementor-widget elementor-widget-heading\" data-id=\"055eb04\" data-element_type=\"widget\" data-widget_type=\"heading.default\">\n\t\t\t\t<div class=\"elementor-widget-container\">\n\t\t\t\t\t<h2 class=\"elementor-heading-title elementor-size-default\">Politique de confidentialit\u00e9<\/h2>\t\t\t\t<\/div>\n\t\t\t\t<\/div>\n\t\t\t\t<div class=\"elementor-element elementor-element-f172cfc elementor-widget-divider--view-line elementor-widget elementor-widget-divider\" data-id=\"f172cfc\" data-element_type=\"widget\" data-widget_type=\"divider.default\">\n\t\t\t\t<div class=\"elementor-widget-container\">\n\t\t\t\t\t\t\t<div class=\"elementor-divider\">\n\t\t\t<span class=\"elementor-divider-separator\">\n\t\t\t\t\t\t<\/span>\n\t\t<\/div>\n\t\t\t\t\t\t<\/div>\n\t\t\t\t<\/div>\n\t\t\t\t<div class=\"elementor-element elementor-element-aaa49ad elementor-widget elementor-widget-text-editor\" data-id=\"aaa49ad\" data-element_type=\"widget\" data-widget_type=\"text-editor.default\">\n\t\t\t\t<div class=\"elementor-widget-container\">\n\t\t\t\t\t\t\t\t\t<p data-pm-slice=\"1 1 []\"><strong>CE DONT NOUS AVONS BESOIN<\/strong><\/p><p>Notre politique de protection des donn\u00e9es r\u00e9git l&#8217;utilisation et le stockage de vos donn\u00e9es. Vous pouvez consulter cette politique sur la page Avis de confidentialit\u00e9 (voir ci-dessous). KPM Motor d.o.o., Ipav\u010deva ulica 21, 3000 Celje, est le responsable du traitement des donn\u00e9es personnelles que vous fournissez (personne concern\u00e9e : vous, client, visiteur, etc.). Nous collectons les types de donn\u00e9es personnelles suivants :<\/p><ul data-spread=\"false\"><li><p>Adresse e-mail ;<\/p><\/li><li><p>Nom et pr\u00e9nom, adresse, e-mail et num\u00e9ro de t\u00e9l\u00e9phone ;<\/p><\/li><li><p>Donn\u00e9es de paiement, telles que les informations de carte de cr\u00e9dit ou de d\u00e9bit, PayPal et autres moyens de paiement ;<\/p><\/li><li><p>Copies de documents personnels confirmant l&#8217;exactitude des donn\u00e9es personnelles ;<\/p><\/li><li><p>Cookies ;<\/p><\/li><li><p>Suivi des visites via Google Analytics, Yandex et Cloudflare ;<\/p><\/li><li><p>Liens avec des profils personnels sur les r\u00e9seaux sociaux.<\/p><\/li><\/ul><p>Chaque type de donn\u00e9e personnelle est collect\u00e9 en fonction de sa n\u00e9cessit\u00e9 et avec un consentement distinct.<\/p><p><strong>POURQUOI NOUS EN AVONS BESOIN<\/strong><\/p><p>Nous avons besoin de vos donn\u00e9es personnelles pour les services suivants :<\/p><ul data-spread=\"false\"><li><p>Adresse e-mail pour r\u00e9pondre \u00e0 vos messages ou aux messages envoy\u00e9s via des formulaires de contact ;<\/p><\/li><li><p>Adresse e-mail pour envoyer des offres et des newsletters ;<\/p><\/li><li><p>Nom et pr\u00e9nom, adresse, e-mail et num\u00e9ro de t\u00e9l\u00e9phone pour l&#8217;acceptation des r\u00e9servations, des demandes et l&#8217;envoi d&#8217;offres ou la satisfaction d&#8217;autres exigences ;<\/p><\/li><li><p>Nom et pr\u00e9nom, adresse, e-mail et num\u00e9ro de t\u00e9l\u00e9phone pour l&#8217;achat de bons cadeaux, de vouchers ou de services et produits li\u00e9s \u00e0 notre offre ;<\/p><\/li><li><p>Donn\u00e9es de paiement et copies de documents personnels pour l&#8217;ex\u00e9cution des services ;<\/p><\/li><li><p>Adresse e-mail pour le marketing automatis\u00e9 (confirmation de r\u00e9servation, remerciements pour inscription, etc.) ;<\/p><\/li><li><p>Cookies pour le fonctionnement du site Web ;<\/p><\/li><li><p>Communication via les r\u00e9seaux sociaux avec des profils personnels confirmant la connexion avec nous ;<\/p><\/li><li><p>Nom et pr\u00e9nom, adresse, e-mail et num\u00e9ro de t\u00e9l\u00e9phone pour des jeux concours occasionnels ou autres promotions avec votre autorisation pr\u00e9alable ;<\/p><\/li><li><p>Donn\u00e9es agr\u00e9g\u00e9es de Google Analytics, Yandex Direct et Cloudflare pour le suivi des visites et l&#8217;analyse interne permettant d&#8217;am\u00e9liorer les contenus.<\/p><\/li><\/ul><p><strong>CE QUE NOUS FAISONS AVEC LES DONN\u00c9ES PERSONNELLES<\/strong><\/p><p>Vos donn\u00e9es personnelles sont trait\u00e9es par KPM Motor d.o.o., Ipav\u010deva ulica 21, 3000 Celje, situ\u00e9e en Slov\u00e9nie. L&#8217;h\u00e9bergement et le stockage des donn\u00e9es sont assur\u00e9s par <a>http:\/\/www.kpm-motor.com\/<\/a>, situ\u00e9 dans des pays de l&#8217;Union europ\u00e9enne (Allemagne).<\/p><p>Aucun prestataire tiers n&#8217;a acc\u00e8s \u00e0 vos donn\u00e9es, sauf si la loi l&#8217;exige.<\/p><p><strong>DUR\u00c9E DE CONSERVATION DES DONN\u00c9ES<\/strong><\/p><p>Nous utilisons des cookies persistants sur notre site Web pour les liens vers les services sociaux et autres fournisseurs de partage, ainsi que des cookies qui vous aident \u00e0 acc\u00e9der plus facilement \u00e0 vos contenus pr\u00e9f\u00e9r\u00e9s sur notre site Web.<\/p><p><strong>VOS DROITS<\/strong><\/p><p>Si vous pensez que les donn\u00e9es personnelles que nous d\u00e9tenons \u00e0 votre sujet sont incorrectes ou incompl\u00e8tes, vous avez le droit d&#8217;en demander la consultation, la correction ou la suppression. Contactez-nous via le (Formulaire de demande d&#8217;acc\u00e8s aux donn\u00e9es). Si vous souhaitez d\u00e9poser une r\u00e9clamation sur la mani\u00e8re dont nous avons trait\u00e9 vos donn\u00e9es personnelles, veuillez contacter notre Responsable de la protection des donn\u00e9es (DPC &#8211; Data Protection Contact) \u00e0 <a>info@kpm-motor.com<\/a> ou par courrier \u00e0 KPM Motor d.o.o., Ipav\u010deva ulica 21, 3000 Celje.<\/p><p>Notre DPC examinera votre plainte et vous informera de la solution apport\u00e9e. Si vous estimez toujours que vos donn\u00e9es personnelles n&#8217;ont pas \u00e9t\u00e9 trait\u00e9es conform\u00e9ment \u00e0 la loi, vous pouvez contacter l&#8217;Autorit\u00e9 de protection des donn\u00e9es et y d\u00e9poser une plainte. Un formulaire sp\u00e9cial disponible sur la page Avis de confidentialit\u00e9 vous permet de demander l&#8217;acc\u00e8s aux politiques et documents relatifs \u00e0 la protection de la vie priv\u00e9e.<\/p><p>Celje, 1.2.2025, Ver. Document : 1.0<\/p>\t\t\t\t\t\t\t\t<\/div>\n\t\t\t\t<\/div>\n\t\t\t\t<\/div>\n\t\t\t\t\t<\/div>\n\t\t\t\t<\/div>\n\t\t\t\t<\/div>\n\t\t\t\t<\/div>\n\t\t","protected":false},"excerpt":{"rendered":"<p>Politique de confidentialit\u00e9 CE DONT NOUS AVONS BESOIN Notre politique de protection des donn\u00e9es r\u00e9git l&#8217;utilisation et le stockage de vos donn\u00e9es. Vous pouvez consulter cette politique sur la page Avis de confidentialit\u00e9 (voir ci-dessous). KPM Motor d.o.o., Ipav\u010deva ulica 21, 3000 Celje, est le responsable du traitement des donn\u00e9es personnelles que vous fournissez (personne [&hellip;]<\/p>\n","protected":false},"author":2,"featured_media":0,"parent":0,"menu_order":0,"comment_status":"closed","ping_status":"closed","template":"","meta":{"_seopress_robots_primary_cat":"","_seopress_titles_title":"","_seopress_titles_desc":"","_seopress_robots_index":"","site-sidebar-layout":"no-sidebar","site-content-layout":"page-builder","ast-site-content-layout":"full-width-container","site-content-style":"unboxed","site-sidebar-style":"unboxed","ast-global-header-display":"","ast-banner-title-visibility":"disabled","ast-main-header-display":"","ast-hfb-above-header-display":"","ast-hfb-below-header-display":"","ast-hfb-mobile-header-display":"","site-post-title":"disabled","ast-breadcrumbs-content":"","ast-featured-img":"disabled","footer-sml-layout":"","theme-transparent-header-meta":"enabled","adv-header-id-meta":"","stick-header-meta":"","header-above-stick-meta":"","header-main-stick-meta":"","header-below-stick-meta":"","astra-migrate-meta-layouts":"set","ast-page-background-enabled":"default","ast-page-background-meta":{"desktop":{"background-color":"var(--ast-global-color-4)","background-image":"","background-repeat":"repeat","background-position":"center center","background-size":"auto","background-attachment":"scroll","background-type":"","background-media":"","overlay-type":"","overlay-color":"","overlay-opacity":"","overlay-gradient":""},"tablet":{"background-color":"","background-image":"","background-repeat":"repeat","background-position":"center center","background-size":"auto","background-attachment":"scroll","background-type":"","background-media":"","overlay-type":"","overlay-color":"","overlay-opacity":"","overlay-gradient":""},"mobile":{"background-color":"","background-image":"","background-repeat":"repeat","background-position":"center center","background-size":"auto","background-attachment":"scroll","background-type":"","background-media":"","overlay-type":"","overlay-color":"","overlay-opacity":"","overlay-gradient":""}},"ast-content-background-meta":{"desktop":{"background-color":"var(--ast-global-color-5)","background-image":"","background-repeat":"repeat","background-position":"center center","background-size":"auto","background-attachment":"scroll","background-type":"","background-media":"","overlay-type":"","overlay-color":"","overlay-opacity":"","overlay-gradient":""},"tablet":{"background-color":"var(--ast-global-color-5)","background-image":"","background-repeat":"repeat","background-position":"center center","background-size":"auto","background-attachment":"scroll","background-type":"","background-media":"","overlay-type":"","overlay-color":"","overlay-opacity":"","overlay-gradient":""},"mobile":{"background-color":"var(--ast-global-color-5)","background-image":"","background-repeat":"repeat","background-position":"center center","background-size":"auto","background-attachment":"scroll","background-type":"","background-media":"","overlay-type":"","overlay-color":"","overlay-opacity":"","overlay-gradient":""}},"footnotes":""},"class_list":["post-1666","page","type-page","status-publish","hentry"],"_links":{"self":[{"href":"https:\/\/kpm-motor.com\/fr\/wp-json\/wp\/v2\/pages\/1666","targetHints":{"allow":["GET"]}}],"collection":[{"href":"https:\/\/kpm-motor.com\/fr\/wp-json\/wp\/v2\/pages"}],"about":[{"href":"https:\/\/kpm-motor.com\/fr\/wp-json\/wp\/v2\/types\/page"}],"author":[{"embeddable":true,"href":"https:\/\/kpm-motor.com\/fr\/wp-json\/wp\/v2\/users\/2"}],"replies":[{"embeddable":true,"href":"https:\/\/kpm-motor.com\/fr\/wp-json\/wp\/v2\/comments?post=1666"}],"version-history":[{"count":0,"href":"https:\/\/kpm-motor.com\/fr\/wp-json\/wp\/v2\/pages\/1666\/revisions"}],"wp:attachment":[{"href":"https:\/\/kpm-motor.com\/fr\/wp-json\/wp\/v2\/media?parent=1666"}],"curies":[{"name":"wp","href":"https:\/\/api.w.org\/{rel}","templated":true}]}}