{"id":1654,"date":"2025-02-12T07:21:46","date_gmt":"2025-02-12T07:21:46","guid":{"rendered":"https:\/\/kpm.marcelino.ninja\/?page_id=1654"},"modified":"2025-03-06T20:05:09","modified_gmt":"2025-03-06T20:05:09","slug":"conditions-generales","status":"publish","type":"page","link":"https:\/\/kpm-motor.com\/fr\/conditions-generales\/","title":{"rendered":"Conditions g\u00e9n\u00e9rales"},"content":{"rendered":"\t\t<div data-elementor-type=\"wp-page\" data-elementor-id=\"1654\" class=\"elementor elementor-1654\" data-elementor-post-type=\"page\">\n\t\t\t\t<div class=\"elementor-element elementor-element-53f9dad e-con-full e-flex e-con e-parent\" data-id=\"53f9dad\" data-element_type=\"container\">\n\t\t<div class=\"elementor-element elementor-element-b615b44 e-flex e-con-boxed e-con e-child\" data-id=\"b615b44\" data-element_type=\"container\" data-settings=\"{&quot;background_background&quot;:&quot;classic&quot;}\">\n\t\t\t\t\t<div class=\"e-con-inner\">\n\t\t\t\t\t<\/div>\n\t\t\t\t<\/div>\n\t\t\t\t<\/div>\n\t\t<div class=\"elementor-element elementor-element-c4349cc e-con-full e-flex e-con e-parent\" data-id=\"c4349cc\" data-element_type=\"container\">\n\t\t<div class=\"elementor-element elementor-element-e323b55 e-flex e-con-boxed e-con e-child\" data-id=\"e323b55\" data-element_type=\"container\" data-settings=\"{&quot;background_background&quot;:&quot;classic&quot;}\">\n\t\t\t\t\t<div class=\"e-con-inner\">\n\t\t<div class=\"elementor-element elementor-element-697b924 e-con-full e-flex e-con e-child\" data-id=\"697b924\" data-element_type=\"container\">\n\t\t\t\t<div class=\"elementor-element elementor-element-055eb04 elementor-widget elementor-widget-heading\" data-id=\"055eb04\" data-element_type=\"widget\" data-widget_type=\"heading.default\">\n\t\t\t\t<div class=\"elementor-widget-container\">\n\t\t\t\t\t<h2 class=\"elementor-heading-title elementor-size-default\">Conditions g\u00e9n\u00e9rales<\/h2>\t\t\t\t<\/div>\n\t\t\t\t<\/div>\n\t\t\t\t<div class=\"elementor-element elementor-element-f172cfc elementor-widget-divider--view-line elementor-widget elementor-widget-divider\" data-id=\"f172cfc\" data-element_type=\"widget\" data-widget_type=\"divider.default\">\n\t\t\t\t<div class=\"elementor-widget-container\">\n\t\t\t\t\t\t\t<div class=\"elementor-divider\">\n\t\t\t<span class=\"elementor-divider-separator\">\n\t\t\t\t\t\t<\/span>\n\t\t<\/div>\n\t\t\t\t\t\t<\/div>\n\t\t\t\t<\/div>\n\t\t\t\t<div class=\"elementor-element elementor-element-aaa49ad elementor-widget elementor-widget-text-editor\" data-id=\"aaa49ad\" data-element_type=\"widget\" data-widget_type=\"text-editor.default\">\n\t\t\t\t<div class=\"elementor-widget-container\">\n\t\t\t\t\t\t\t\t\t<p data-pm-slice=\"1 1 []\"><strong>Conditions g\u00e9n\u00e9rales<\/strong><\/p><p>Ces conditions d\u00e9crivent les r\u00e8gles et r\u00e8glements d&#8217;utilisation du site Web de KPM Motor d.o.o., situ\u00e9 \u00e0 <a>http:\/\/www.kpm-motor.com\/<\/a> et tous ses sous-domaines. En acc\u00e9dant \u00e0 ce site Web, nous supposons que vous acceptez ces conditions. N&#8217;utilisez pas <a>http:\/\/www.kpm-motor.com\/<\/a> si vous n&#8217;\u00eates pas d&#8217;accord avec toutes les conditions \u00e9nonc\u00e9es sur cette page.<\/p><p><strong>Terminologie<\/strong> La terminologie suivante s&#8217;applique aux pr\u00e9sentes conditions g\u00e9n\u00e9rales, \u00e0 la d\u00e9claration de confidentialit\u00e9 et \u00e0 l&#8217;avis de non-responsabilit\u00e9, ainsi qu&#8217;\u00e0 tous les accords : &#8220;Client&#8221;, &#8220;Vous&#8221; et &#8220;Votre&#8221; d\u00e9signent vous, la personne qui se connecte \u00e0 ce site Web et qui respecte les conditions g\u00e9n\u00e9rales de l&#8217;entreprise. &#8220;Entreprise&#8221;, &#8220;Nous&#8221;, &#8220;Notre&#8221; et &#8220;Nos&#8221; d\u00e9signent notre entreprise. &#8220;Partie&#8221;, &#8220;Parties&#8221; ou &#8220;Nous&#8221; d\u00e9signent \u00e0 la fois le client et nous-m\u00eames. Tous les termes font r\u00e9f\u00e9rence \u00e0 l&#8217;offre, l&#8217;acceptation et la prise en compte du paiement n\u00e9cessaire pour entreprendre le processus de notre assistance au client de la mani\u00e8re la plus appropri\u00e9e dans le but expr\u00e8s de r\u00e9pondre aux besoins du client en mati\u00e8re de fourniture des services sp\u00e9cifi\u00e9s, conform\u00e9ment aux lois applicables en Slov\u00e9nie. Toute utilisation de la terminologie ci-dessus ou d&#8217;autres mots au singulier, au pluriel, en majuscule et\/ou il\/elle ou ils\/elles est consid\u00e9r\u00e9e comme interchangeable et donc comme se r\u00e9f\u00e9rant \u00e0 la m\u00eame chose.<\/p><p><strong>Cookies<\/strong> Ce site Web utilise des cookies. En acc\u00e9dant \u00e0 <a>http:\/\/www.kpm-motor.com\/<\/a>, vous acceptez l&#8217;utilisation de cookies conform\u00e9ment \u00e0 KPM Motor d.o.o. et \u00e0 la politique de confidentialit\u00e9 du site Web. La plupart des sites Web interactifs utilisent des cookies pour r\u00e9cup\u00e9rer les d\u00e9tails des utilisateurs \u00e0 chaque visite. Nous utilisons des cookies sur notre site Web pour activer certaines fonctionnalit\u00e9s et faciliter l&#8217;utilisation pour les visiteurs. Certains de nos partenaires affili\u00e9s\/publicitaires peuvent \u00e9galement utiliser des cookies tiers.<\/p><p><strong>Licence<\/strong> Sauf indication contraire, KPM Motor d.o.o. et\/ou ses conc\u00e9dants de licence d\u00e9tiennent les droits de propri\u00e9t\u00e9 intellectuelle pour tout le mat\u00e9riel pr\u00e9sent sur <a>http:\/\/www.kpm-motor.com\/<\/a>. Tous les droits de propri\u00e9t\u00e9 intellectuelle sont r\u00e9serv\u00e9s. Vous pouvez acc\u00e9der \u00e0 ce site Web pour votre usage personnel, sous r\u00e9serve des restrictions d\u00e9finies dans ces conditions g\u00e9n\u00e9rales.<\/p><p>Vous ne devez pas :<\/p><ul data-spread=\"false\"><li><p>Publier du mat\u00e9riel de <a>http:\/\/www.kpm-motor.com\/<\/a> sans permission;<\/p><\/li><li><p>Vendre, louer ou sous-licencier du mat\u00e9riel de <a>http:\/\/www.kpm-motor.com\/<\/a> sans permission;<\/p><\/li><li><p>Reproduire, dupliquer ou copier du mat\u00e9riel de <a>http:\/\/www.kpm-motor.com\/<\/a> sans permission;<\/p><\/li><li><p>Redistribuer du contenu de <a>http:\/\/www.kpm-motor.com\/<\/a> sans permission.<\/p><\/li><\/ul><p>Cet accord prend effet \u00e0 la date de cet accord ou d\u00e8s l&#8217;acc\u00e8s direct \u00e0 notre site Web.<\/p><p><strong>Commentaires et contenu des utilisateurs<\/strong> Certaines parties de ce site Web permettent aux utilisateurs de publier et d&#8217;\u00e9changer des opinions et des informations. KPM Motor d.o.o. ne filtre, n&#8217;\u00e9dite, ne publie ni ne r\u00e9vise les commentaires avant leur apparition sur le site Web. Les commentaires ne refl\u00e8tent pas les opinions de KPM Motor d.o.o., de ses agents et\/ou de ses filiales. Les commentaires refl\u00e8tent les opinions de la personne qui les publie. Dans la mesure permise par les lois applicables, KPM Motor d.o.o. n&#8217;est pas responsable des commentaires ou de toute responsabilit\u00e9, des dommages ou des d\u00e9penses caus\u00e9s et\/ou subis \u00e0 la suite de l&#8217;utilisation et\/ou de la publication et\/ou de l&#8217;apparition des commentaires sur ce site Web.<\/p><p>KPM Motor d.o.o. se r\u00e9serve le droit de surveiller tous les commentaires et de supprimer ceux qui peuvent \u00eatre consid\u00e9r\u00e9s comme inappropri\u00e9s, offensants ou en violation de ces conditions.<\/p><p>Vous garantissez et d\u00e9clarez que :<\/p><ul data-spread=\"false\"><li><p>Vous \u00eates autoris\u00e9 \u00e0 publier des commentaires sur notre site Web et disposez de toutes les licences et consentements n\u00e9cessaires;<\/p><\/li><li><p>Les commentaires ne violent aucun droit de propri\u00e9t\u00e9 intellectuelle de tiers, y compris, mais sans s&#8217;y limiter, les droits d&#8217;auteur, brevets ou marques de commerce;<\/p><\/li><li><p>Les commentaires ne contiennent aucun contenu diffamatoire, calomnieux, offensant, obsc\u00e8ne ou autrement ill\u00e9gal portant atteinte \u00e0 la vie priv\u00e9e;<\/p><\/li><li><p>Les commentaires ne seront pas utilis\u00e9s pour solliciter ou promouvoir des affaires, des activit\u00e9s commerciales ou ill\u00e9gales.<\/p><\/li><\/ul><p>Vous accordez par la pr\u00e9sente \u00e0 KPM Motor d.o.o. une licence non exclusive pour utiliser, reproduire, modifier et autoriser d&#8217;autres \u00e0 utiliser, reproduire et modifier vos commentaires sous toutes les formes, formats ou supports.<\/p><p><strong>Exon\u00e9ration de responsabilit\u00e9<\/strong> Dans la mesure permise par la loi applicable, nous excluons toute repr\u00e9sentation, garantie et condition relatives \u00e0 notre site Web et \u00e0 l&#8217;utilisation de ce site Web. Rien dans cette clause de non-responsabilit\u00e9 ne peut :<\/p><ul data-spread=\"false\"><li><p>Limiter ou exclure notre responsabilit\u00e9 ou celle de l&#8217;utilisateur en cas de d\u00e9c\u00e8s ou de blessure corporelle;<\/p><\/li><li><p>Limiter ou exclure notre responsabilit\u00e9 ou celle de l&#8217;utilisateur en cas de fraude ou de fausse d\u00e9claration frauduleuse;<\/p><\/li><li><p>Limiter toute responsabilit\u00e9 d&#8217;une mani\u00e8re non autoris\u00e9e par la loi applicable;<\/p><\/li><li><p>Exclure toute responsabilit\u00e9 qui ne peut \u00eatre exclue en vertu de la loi applicable.<\/p><\/li><\/ul><p>Tant que le site Web et les informations et services qu&#8217;il contient sont fournis gratuitement, nous ne serons pas responsables de toute perte ou dommage de quelque nature que ce soit.<\/p><p><strong>R\u00e8glement extrajudiciaire des litiges<\/strong> KPM Motor d.o.o. ne reconna\u00eet aucun prestataire de r\u00e8glement extrajudiciaire des litiges comme comp\u00e9tent pour r\u00e9soudre un litige de consommation qu&#8217;un consommateur pourrait engager conform\u00e9ment \u00e0 la loi sur le r\u00e8glement extrajudiciaire des litiges de consommation. En tant que fournisseur de biens et services sur son site Web, la soci\u00e9t\u00e9 publie un lien \u00e9lectronique vers la plateforme de r\u00e8glement en ligne des litiges (ODR). La plateforme est accessible aux consommateurs via le lien suivant : <a>http:\/\/ec.europa.eu\/odr<\/a>. Cette disposition d\u00e9coule de la loi sur le r\u00e8glement extrajudiciaire des litiges de consommation, du r\u00e8glement (UE) n\u00b0 524\/2013 du Parlement europ\u00e9en et du Conseil relatif au r\u00e8glement en ligne des litiges de consommation et modifiant le r\u00e8glement (CE) n\u00b0 2016\/2004 et la directive 200.<\/p>\t\t\t\t\t\t\t\t<\/div>\n\t\t\t\t<\/div>\n\t\t\t\t<\/div>\n\t\t\t\t\t<\/div>\n\t\t\t\t<\/div>\n\t\t\t\t<\/div>\n\t\t\t\t<\/div>\n\t\t","protected":false},"excerpt":{"rendered":"<p>Conditions g\u00e9n\u00e9rales Conditions g\u00e9n\u00e9rales Ces conditions d\u00e9crivent les r\u00e8gles et r\u00e8glements d&#8217;utilisation du site Web de KPM Motor d.o.o., situ\u00e9 \u00e0 http:\/\/www.kpm-motor.com\/ et tous ses sous-domaines. En acc\u00e9dant \u00e0 ce site Web, nous supposons que vous acceptez ces conditions. N&#8217;utilisez pas http:\/\/www.kpm-motor.com\/ si vous n&#8217;\u00eates pas d&#8217;accord avec toutes les conditions \u00e9nonc\u00e9es sur cette page. [&hellip;]<\/p>\n","protected":false},"author":2,"featured_media":0,"parent":0,"menu_order":0,"comment_status":"closed","ping_status":"closed","template":"","meta":{"_seopress_robots_primary_cat":"","_seopress_titles_title":"","_seopress_titles_desc":"","_seopress_robots_index":"","site-sidebar-layout":"no-sidebar","site-content-layout":"page-builder","ast-site-content-layout":"full-width-container","site-content-style":"unboxed","site-sidebar-style":"unboxed","ast-global-header-display":"","ast-banner-title-visibility":"disabled","ast-main-header-display":"","ast-hfb-above-header-display":"","ast-hfb-below-header-display":"","ast-hfb-mobile-header-display":"","site-post-title":"disabled","ast-breadcrumbs-content":"","ast-featured-img":"disabled","footer-sml-layout":"","theme-transparent-header-meta":"enabled","adv-header-id-meta":"","stick-header-meta":"","header-above-stick-meta":"","header-main-stick-meta":"","header-below-stick-meta":"","astra-migrate-meta-layouts":"set","ast-page-background-enabled":"default","ast-page-background-meta":{"desktop":{"background-color":"var(--ast-global-color-4)","background-image":"","background-repeat":"repeat","background-position":"center center","background-size":"auto","background-attachment":"scroll","background-type":"","background-media":"","overlay-type":"","overlay-color":"","overlay-opacity":"","overlay-gradient":""},"tablet":{"background-color":"","background-image":"","background-repeat":"repeat","background-position":"center center","background-size":"auto","background-attachment":"scroll","background-type":"","background-media":"","overlay-type":"","overlay-color":"","overlay-opacity":"","overlay-gradient":""},"mobile":{"background-color":"","background-image":"","background-repeat":"repeat","background-position":"center center","background-size":"auto","background-attachment":"scroll","background-type":"","background-media":"","overlay-type":"","overlay-color":"","overlay-opacity":"","overlay-gradient":""}},"ast-content-background-meta":{"desktop":{"background-color":"var(--ast-global-color-5)","background-image":"","background-repeat":"repeat","background-position":"center center","background-size":"auto","background-attachment":"scroll","background-type":"","background-media":"","overlay-type":"","overlay-color":"","overlay-opacity":"","overlay-gradient":""},"tablet":{"background-color":"var(--ast-global-color-5)","background-image":"","background-repeat":"repeat","background-position":"center center","background-size":"auto","background-attachment":"scroll","background-type":"","background-media":"","overlay-type":"","overlay-color":"","overlay-opacity":"","overlay-gradient":""},"mobile":{"background-color":"var(--ast-global-color-5)","background-image":"","background-repeat":"repeat","background-position":"center center","background-size":"auto","background-attachment":"scroll","background-type":"","background-media":"","overlay-type":"","overlay-color":"","overlay-opacity":"","overlay-gradient":""}},"footnotes":""},"class_list":["post-1654","page","type-page","status-publish","hentry"],"_links":{"self":[{"href":"https:\/\/kpm-motor.com\/fr\/wp-json\/wp\/v2\/pages\/1654","targetHints":{"allow":["GET"]}}],"collection":[{"href":"https:\/\/kpm-motor.com\/fr\/wp-json\/wp\/v2\/pages"}],"about":[{"href":"https:\/\/kpm-motor.com\/fr\/wp-json\/wp\/v2\/types\/page"}],"author":[{"embeddable":true,"href":"https:\/\/kpm-motor.com\/fr\/wp-json\/wp\/v2\/users\/2"}],"replies":[{"embeddable":true,"href":"https:\/\/kpm-motor.com\/fr\/wp-json\/wp\/v2\/comments?post=1654"}],"version-history":[{"count":0,"href":"https:\/\/kpm-motor.com\/fr\/wp-json\/wp\/v2\/pages\/1654\/revisions"}],"wp:attachment":[{"href":"https:\/\/kpm-motor.com\/fr\/wp-json\/wp\/v2\/media?parent=1654"}],"curies":[{"name":"wp","href":"https:\/\/api.w.org\/{rel}","templated":true}]}}