{"id":13,"date":"2025-01-11T02:13:13","date_gmt":"2025-01-11T02:13:13","guid":{"rendered":"https:\/\/kpm.marcelino.ninja\/index.php\/about\/"},"modified":"2025-03-06T19:14:02","modified_gmt":"2025-03-06T19:14:02","slug":"a-propos-de-la-societe","status":"publish","type":"page","link":"https:\/\/kpm-motor.com\/fr\/a-propos-de-la-societe\/","title":{"rendered":"\u00c0 propos de la soci\u00e9t\u00e9"},"content":{"rendered":"\t\t<div data-elementor-type=\"wp-page\" data-elementor-id=\"13\" class=\"elementor elementor-13\" data-elementor-post-type=\"page\">\n\t\t\t\t<div class=\"elementor-element elementor-element-53f9dad e-con-full e-flex e-con e-parent\" data-id=\"53f9dad\" data-element_type=\"container\">\n\t\t<div class=\"elementor-element elementor-element-b615b44 e-flex e-con-boxed e-con e-child\" data-id=\"b615b44\" data-element_type=\"container\" data-settings=\"{&quot;background_background&quot;:&quot;classic&quot;}\">\n\t\t\t\t\t<div class=\"e-con-inner\">\n\t\t\t\t<div class=\"elementor-element elementor-element-5a1b32d elementor-widget elementor-widget-heading\" data-id=\"5a1b32d\" data-element_type=\"widget\" data-widget_type=\"heading.default\">\n\t\t\t\t<div class=\"elementor-widget-container\">\n\t\t\t\t\t<h1 class=\"elementor-heading-title elementor-size-default\">\u00c0 propos de la soci\u00e9t\u00e9<\/h1>\t\t\t\t<\/div>\n\t\t\t\t<\/div>\n\t\t\t\t\t<\/div>\n\t\t\t\t<\/div>\n\t\t\t\t<\/div>\n\t\t<div class=\"elementor-element elementor-element-c4349cc e-con-full e-flex e-con e-parent\" data-id=\"c4349cc\" data-element_type=\"container\">\n\t\t<div class=\"elementor-element elementor-element-e323b55 e-flex e-con-boxed e-con e-child\" data-id=\"e323b55\" data-element_type=\"container\" data-settings=\"{&quot;background_background&quot;:&quot;classic&quot;}\">\n\t\t\t\t\t<div class=\"e-con-inner\">\n\t\t<div class=\"elementor-element elementor-element-06f06c4 e-con-full e-flex e-con e-child\" data-id=\"06f06c4\" data-element_type=\"container\">\n\t\t\t\t<div class=\"elementor-element elementor-element-4e8f4f5 elementor-widget elementor-widget-image\" data-id=\"4e8f4f5\" data-element_type=\"widget\" data-widget_type=\"image.default\">\n\t\t\t\t<div class=\"elementor-widget-container\">\n\t\t\t\t\t\t\t\t\t\t\t\t\t\t\t<img fetchpriority=\"high\" decoding=\"async\" width=\"1000\" height=\"667\" src=\"https:\/\/kpm-motor.com\/fr\/wp-content\/uploads\/2025\/03\/kpm-16-1.jpg\" class=\"attachment-large size-large wp-image-2085\" alt=\"Podjetje KPM d.o.o.\" srcset=\"https:\/\/kpm-motor.com\/fr\/wp-content\/uploads\/2025\/03\/kpm-16-1.jpg 1000w, https:\/\/kpm-motor.com\/fr\/wp-content\/uploads\/2025\/03\/kpm-16-1-300x200.jpg 300w, https:\/\/kpm-motor.com\/fr\/wp-content\/uploads\/2025\/03\/kpm-16-1-768x512.jpg 768w\" sizes=\"(max-width: 1000px) 100vw, 1000px\" \/>\t\t\t\t\t\t\t\t\t\t\t\t\t\t\t<\/div>\n\t\t\t\t<\/div>\n\t\t\t\t<div class=\"elementor-element elementor-element-75e6ff2 elementor-pagination-position-outside elementor-widget elementor-widget-image-carousel\" data-id=\"75e6ff2\" data-element_type=\"widget\" data-settings=\"{&quot;navigation&quot;:&quot;dots&quot;,&quot;image_spacing_custom&quot;:{&quot;unit&quot;:&quot;px&quot;,&quot;size&quot;:5,&quot;sizes&quot;:[]},&quot;autoplay&quot;:&quot;yes&quot;,&quot;pause_on_hover&quot;:&quot;yes&quot;,&quot;pause_on_interaction&quot;:&quot;yes&quot;,&quot;autoplay_speed&quot;:5000,&quot;infinite&quot;:&quot;yes&quot;,&quot;speed&quot;:500,&quot;image_spacing_custom_tablet&quot;:{&quot;unit&quot;:&quot;px&quot;,&quot;size&quot;:&quot;&quot;,&quot;sizes&quot;:[]},&quot;image_spacing_custom_mobile&quot;:{&quot;unit&quot;:&quot;px&quot;,&quot;size&quot;:&quot;&quot;,&quot;sizes&quot;:[]}}\" data-widget_type=\"image-carousel.default\">\n\t\t\t\t<div class=\"elementor-widget-container\">\n\t\t\t\t\t\t\t<div class=\"elementor-image-carousel-wrapper swiper\" role=\"region\" aria-roledescription=\"carousel\" aria-label=\"Image Carousel\" dir=\"ltr\">\n\t\t\t<div class=\"elementor-image-carousel swiper-wrapper\" aria-live=\"off\">\n\t\t\t\t\t\t\t\t<div class=\"swiper-slide\" role=\"group\" aria-roledescription=\"slide\" aria-label=\"1 of 14\"><a data-elementor-open-lightbox=\"yes\" data-elementor-lightbox-slideshow=\"75e6ff2\" data-elementor-lightbox-title=\"kpm-12\" data-elementor-lightbox-description=\"Podjetje KPM d.o.o.\" data-e-action-hash=\"#elementor-action%3Aaction%3Dlightbox%26settings%3DeyJpZCI6MjA4MSwidXJsIjoiaHR0cHM6XC9cL2twbS1tb3Rvci5jb21cL2ZyXC93cC1jb250ZW50XC91cGxvYWRzXC8yMDI1XC8wM1wva3BtLTEyLTEuanBnIiwic2xpZGVzaG93IjoiNzVlNmZmMiJ9\" href=\"https:\/\/kpm-motor.com\/fr\/wp-content\/uploads\/2025\/03\/kpm-12-1.jpg\"><figure class=\"swiper-slide-inner\"><img decoding=\"async\" class=\"swiper-slide-image\" src=\"https:\/\/kpm-motor.com\/fr\/wp-content\/uploads\/2025\/03\/kpm-12-1.jpg\" alt=\"Podjetje KPM d.o.o.\" \/><\/figure><\/a><\/div><div class=\"swiper-slide\" role=\"group\" aria-roledescription=\"slide\" aria-label=\"2 of 14\"><a data-elementor-open-lightbox=\"yes\" data-elementor-lightbox-slideshow=\"75e6ff2\" data-elementor-lightbox-title=\"kpm-18\" data-elementor-lightbox-description=\"Podjetje KPM d.o.o.\" data-e-action-hash=\"#elementor-action%3Aaction%3Dlightbox%26settings%3DeyJpZCI6MjA4NywidXJsIjoiaHR0cHM6XC9cL2twbS1tb3Rvci5jb21cL2ZyXC93cC1jb250ZW50XC91cGxvYWRzXC8yMDI1XC8wM1wva3BtLTE4LTEuanBnIiwic2xpZGVzaG93IjoiNzVlNmZmMiJ9\" href=\"https:\/\/kpm-motor.com\/fr\/wp-content\/uploads\/2025\/03\/kpm-18-1.jpg\"><figure class=\"swiper-slide-inner\"><img decoding=\"async\" class=\"swiper-slide-image\" src=\"https:\/\/kpm-motor.com\/fr\/wp-content\/uploads\/2025\/03\/kpm-18-1.jpg\" alt=\"Podjetje KPM d.o.o.\" \/><\/figure><\/a><\/div><div class=\"swiper-slide\" role=\"group\" aria-roledescription=\"slide\" aria-label=\"3 of 14\"><a data-elementor-open-lightbox=\"yes\" data-elementor-lightbox-slideshow=\"75e6ff2\" data-elementor-lightbox-title=\"kpm-17\" data-elementor-lightbox-description=\"Podjetje KPM d.o.o.\" data-e-action-hash=\"#elementor-action%3Aaction%3Dlightbox%26settings%3DeyJpZCI6MjA4NiwidXJsIjoiaHR0cHM6XC9cL2twbS1tb3Rvci5jb21cL2ZyXC93cC1jb250ZW50XC91cGxvYWRzXC8yMDI1XC8wM1wva3BtLTE3LTEuanBnIiwic2xpZGVzaG93IjoiNzVlNmZmMiJ9\" href=\"https:\/\/kpm-motor.com\/fr\/wp-content\/uploads\/2025\/03\/kpm-17-1.jpg\"><figure class=\"swiper-slide-inner\"><img decoding=\"async\" class=\"swiper-slide-image\" src=\"https:\/\/kpm-motor.com\/fr\/wp-content\/uploads\/2025\/03\/kpm-17-1.jpg\" alt=\"Podjetje KPM d.o.o.\" \/><\/figure><\/a><\/div><div class=\"swiper-slide\" role=\"group\" aria-roledescription=\"slide\" aria-label=\"4 of 14\"><a data-elementor-open-lightbox=\"yes\" data-elementor-lightbox-slideshow=\"75e6ff2\" data-elementor-lightbox-title=\"kpm-10\" data-elementor-lightbox-description=\"Podjetje KPM d.o.o.\" data-e-action-hash=\"#elementor-action%3Aaction%3Dlightbox%26settings%3DeyJpZCI6MjA3OSwidXJsIjoiaHR0cHM6XC9cL2twbS1tb3Rvci5jb21cL2ZyXC93cC1jb250ZW50XC91cGxvYWRzXC8yMDI1XC8wM1wva3BtLTEwLTEuanBnIiwic2xpZGVzaG93IjoiNzVlNmZmMiJ9\" href=\"https:\/\/kpm-motor.com\/fr\/wp-content\/uploads\/2025\/03\/kpm-10-1.jpg\"><figure class=\"swiper-slide-inner\"><img decoding=\"async\" class=\"swiper-slide-image\" src=\"https:\/\/kpm-motor.com\/fr\/wp-content\/uploads\/2025\/03\/kpm-10-1.jpg\" alt=\"Podjetje KPM d.o.o.\" \/><\/figure><\/a><\/div><div class=\"swiper-slide\" role=\"group\" aria-roledescription=\"slide\" aria-label=\"5 of 14\"><a data-elementor-open-lightbox=\"yes\" data-elementor-lightbox-slideshow=\"75e6ff2\" data-elementor-lightbox-title=\"kpm-15\" data-elementor-lightbox-description=\"Podjetje KPM d.o.o.\" data-e-action-hash=\"#elementor-action%3Aaction%3Dlightbox%26settings%3DeyJpZCI6MjA4NCwidXJsIjoiaHR0cHM6XC9cL2twbS1tb3Rvci5jb21cL2ZyXC93cC1jb250ZW50XC91cGxvYWRzXC8yMDI1XC8wM1wva3BtLTE1LTEuanBnIiwic2xpZGVzaG93IjoiNzVlNmZmMiJ9\" href=\"https:\/\/kpm-motor.com\/fr\/wp-content\/uploads\/2025\/03\/kpm-15-1.jpg\"><figure class=\"swiper-slide-inner\"><img decoding=\"async\" class=\"swiper-slide-image\" src=\"https:\/\/kpm-motor.com\/fr\/wp-content\/uploads\/2025\/03\/kpm-15-1.jpg\" alt=\"Podjetje KPM d.o.o.\" \/><\/figure><\/a><\/div><div class=\"swiper-slide\" role=\"group\" aria-roledescription=\"slide\" aria-label=\"6 of 14\"><a data-elementor-open-lightbox=\"yes\" data-elementor-lightbox-slideshow=\"75e6ff2\" data-elementor-lightbox-title=\"kpm-16\" data-elementor-lightbox-description=\"Podjetje KPM d.o.o.\" data-e-action-hash=\"#elementor-action%3Aaction%3Dlightbox%26settings%3DeyJpZCI6MjA4NSwidXJsIjoiaHR0cHM6XC9cL2twbS1tb3Rvci5jb21cL2ZyXC93cC1jb250ZW50XC91cGxvYWRzXC8yMDI1XC8wM1wva3BtLTE2LTEuanBnIiwic2xpZGVzaG93IjoiNzVlNmZmMiJ9\" href=\"https:\/\/kpm-motor.com\/fr\/wp-content\/uploads\/2025\/03\/kpm-16-1.jpg\"><figure class=\"swiper-slide-inner\"><img decoding=\"async\" class=\"swiper-slide-image\" src=\"https:\/\/kpm-motor.com\/fr\/wp-content\/uploads\/2025\/03\/kpm-16-1.jpg\" alt=\"Podjetje KPM d.o.o.\" \/><\/figure><\/a><\/div><div class=\"swiper-slide\" role=\"group\" aria-roledescription=\"slide\" aria-label=\"7 of 14\"><a data-elementor-open-lightbox=\"yes\" data-elementor-lightbox-slideshow=\"75e6ff2\" data-elementor-lightbox-title=\"kpm-14\" data-elementor-lightbox-description=\"Podjetje KPM d.o.o.\" data-e-action-hash=\"#elementor-action%3Aaction%3Dlightbox%26settings%3DeyJpZCI6MjA4MywidXJsIjoiaHR0cHM6XC9cL2twbS1tb3Rvci5jb21cL2ZyXC93cC1jb250ZW50XC91cGxvYWRzXC8yMDI1XC8wM1wva3BtLTE0LTEuanBnIiwic2xpZGVzaG93IjoiNzVlNmZmMiJ9\" href=\"https:\/\/kpm-motor.com\/fr\/wp-content\/uploads\/2025\/03\/kpm-14-1.jpg\"><figure class=\"swiper-slide-inner\"><img decoding=\"async\" class=\"swiper-slide-image\" src=\"https:\/\/kpm-motor.com\/fr\/wp-content\/uploads\/2025\/03\/kpm-14-1.jpg\" alt=\"Podjetje KPM d.o.o.\" \/><\/figure><\/a><\/div><div class=\"swiper-slide\" role=\"group\" aria-roledescription=\"slide\" aria-label=\"8 of 14\"><a data-elementor-open-lightbox=\"yes\" data-elementor-lightbox-slideshow=\"75e6ff2\" data-elementor-lightbox-title=\"kpm-11\" data-elementor-lightbox-description=\"Podjetje KPM d.o.o.\" data-e-action-hash=\"#elementor-action%3Aaction%3Dlightbox%26settings%3DeyJpZCI6MjA4MCwidXJsIjoiaHR0cHM6XC9cL2twbS1tb3Rvci5jb21cL2ZyXC93cC1jb250ZW50XC91cGxvYWRzXC8yMDI1XC8wM1wva3BtLTExLTEuanBnIiwic2xpZGVzaG93IjoiNzVlNmZmMiJ9\" href=\"https:\/\/kpm-motor.com\/fr\/wp-content\/uploads\/2025\/03\/kpm-11-1.jpg\"><figure class=\"swiper-slide-inner\"><img decoding=\"async\" class=\"swiper-slide-image\" src=\"https:\/\/kpm-motor.com\/fr\/wp-content\/uploads\/2025\/03\/kpm-11-1.jpg\" alt=\"Podjetje KPM d.o.o.\" \/><\/figure><\/a><\/div><div class=\"swiper-slide\" role=\"group\" aria-roledescription=\"slide\" aria-label=\"9 of 14\"><a data-elementor-open-lightbox=\"yes\" data-elementor-lightbox-slideshow=\"75e6ff2\" data-elementor-lightbox-title=\"kpm-19\" data-elementor-lightbox-description=\"Podjetje KPM d.o.o.\" data-e-action-hash=\"#elementor-action%3Aaction%3Dlightbox%26settings%3DeyJpZCI6MjA5MiwidXJsIjoiaHR0cHM6XC9cL2twbS1tb3Rvci5jb21cL2ZyXC93cC1jb250ZW50XC91cGxvYWRzXC8yMDI1XC8wM1wva3BtLTE5LTEuanBnIiwic2xpZGVzaG93IjoiNzVlNmZmMiJ9\" href=\"https:\/\/kpm-motor.com\/fr\/wp-content\/uploads\/2025\/03\/kpm-19-1.jpg\"><figure class=\"swiper-slide-inner\"><img decoding=\"async\" class=\"swiper-slide-image\" src=\"https:\/\/kpm-motor.com\/fr\/wp-content\/uploads\/2025\/03\/kpm-19-1.jpg\" alt=\"Podjetje KPM d.o.o.\" \/><\/figure><\/a><\/div><div class=\"swiper-slide\" role=\"group\" aria-roledescription=\"slide\" aria-label=\"10 of 14\"><a data-elementor-open-lightbox=\"yes\" data-elementor-lightbox-slideshow=\"75e6ff2\" data-elementor-lightbox-title=\"kpm-20\" data-elementor-lightbox-description=\"Podjetje KPM d.o.o.\" data-e-action-hash=\"#elementor-action%3Aaction%3Dlightbox%26settings%3DeyJpZCI6MTg1NywidXJsIjoiaHR0cHM6XC9cL2twbS1tb3Rvci5jb21cL2ZyXC93cC1jb250ZW50XC91cGxvYWRzXC8yMDI1XC8wM1wva3BtLTIwLmpwZyIsInNsaWRlc2hvdyI6Ijc1ZTZmZjIifQ%3D%3D\" href=\"https:\/\/kpm-motor.com\/fr\/wp-content\/uploads\/2025\/03\/kpm-20.jpg\"><figure class=\"swiper-slide-inner\"><img decoding=\"async\" class=\"swiper-slide-image\" src=\"https:\/\/kpm-motor.com\/fr\/wp-content\/uploads\/2025\/03\/kpm-20.jpg\" alt=\"Kpm d.o.o.\" \/><\/figure><\/a><\/div><div class=\"swiper-slide\" role=\"group\" aria-roledescription=\"slide\" aria-label=\"11 of 14\"><a data-elementor-open-lightbox=\"yes\" data-elementor-lightbox-slideshow=\"75e6ff2\" data-elementor-lightbox-title=\"kpm-14\" data-e-action-hash=\"#elementor-action%3Aaction%3Dlightbox%26settings%3DeyJpZCI6MjA5MywidXJsIjoiaHR0cHM6XC9cL2twbS1tb3Rvci5jb21cL2ZyXC93cC1jb250ZW50XC91cGxvYWRzXC8yMDI1XC8wM1wva3BtLTE0LTIuanBnIiwic2xpZGVzaG93IjoiNzVlNmZmMiJ9\" href=\"https:\/\/kpm-motor.com\/fr\/wp-content\/uploads\/2025\/03\/kpm-14-2.jpg\"><figure class=\"swiper-slide-inner\"><img decoding=\"async\" class=\"swiper-slide-image\" src=\"https:\/\/kpm-motor.com\/fr\/wp-content\/uploads\/2025\/03\/kpm-14-2.jpg\" alt=\"kpm-14\" \/><\/figure><\/a><\/div><div class=\"swiper-slide\" role=\"group\" aria-roledescription=\"slide\" aria-label=\"12 of 14\"><a data-elementor-open-lightbox=\"yes\" data-elementor-lightbox-slideshow=\"75e6ff2\" data-elementor-lightbox-title=\"kpm-31\" data-elementor-lightbox-description=\"Podjetje KPM d.o.o.\" data-e-action-hash=\"#elementor-action%3Aaction%3Dlightbox%26settings%3DeyJpZCI6MjEzMCwidXJsIjoiaHR0cHM6XC9cL2twbS1tb3Rvci5jb21cL2ZyXC93cC1jb250ZW50XC91cGxvYWRzXC8yMDI1XC8wM1wva3BtLTMxLmpwZyIsInNsaWRlc2hvdyI6Ijc1ZTZmZjIifQ%3D%3D\" href=\"https:\/\/kpm-motor.com\/fr\/wp-content\/uploads\/2025\/03\/kpm-31.jpg\"><figure class=\"swiper-slide-inner\"><img decoding=\"async\" class=\"swiper-slide-image\" src=\"https:\/\/kpm-motor.com\/fr\/wp-content\/uploads\/2025\/03\/kpm-31.jpg\" alt=\"Podjetje KPM d.o.o.\" \/><\/figure><\/a><\/div><div class=\"swiper-slide\" role=\"group\" aria-roledescription=\"slide\" aria-label=\"13 of 14\"><a data-elementor-open-lightbox=\"yes\" data-elementor-lightbox-slideshow=\"75e6ff2\" data-elementor-lightbox-title=\"kpm-32\" data-elementor-lightbox-description=\"Podjetje KPM d.o.o.\" data-e-action-hash=\"#elementor-action%3Aaction%3Dlightbox%26settings%3DeyJpZCI6MjEzMSwidXJsIjoiaHR0cHM6XC9cL2twbS1tb3Rvci5jb21cL2ZyXC93cC1jb250ZW50XC91cGxvYWRzXC8yMDI1XC8wM1wva3BtLTMyLmpwZyIsInNsaWRlc2hvdyI6Ijc1ZTZmZjIifQ%3D%3D\" href=\"https:\/\/kpm-motor.com\/fr\/wp-content\/uploads\/2025\/03\/kpm-32.jpg\"><figure class=\"swiper-slide-inner\"><img decoding=\"async\" class=\"swiper-slide-image\" src=\"https:\/\/kpm-motor.com\/fr\/wp-content\/uploads\/2025\/03\/kpm-32.jpg\" alt=\"Podjetje KPM d.o.o.\" \/><\/figure><\/a><\/div><div class=\"swiper-slide\" role=\"group\" aria-roledescription=\"slide\" aria-label=\"14 of 14\"><a data-elementor-open-lightbox=\"yes\" data-elementor-lightbox-slideshow=\"75e6ff2\" data-elementor-lightbox-title=\"kpm-33\" data-elementor-lightbox-description=\"Podjetje KPM d.o.o.\" data-e-action-hash=\"#elementor-action%3Aaction%3Dlightbox%26settings%3DeyJpZCI6MjEzMiwidXJsIjoiaHR0cHM6XC9cL2twbS1tb3Rvci5jb21cL2ZyXC93cC1jb250ZW50XC91cGxvYWRzXC8yMDI1XC8wM1wva3BtLTMzLmpwZyIsInNsaWRlc2hvdyI6Ijc1ZTZmZjIifQ%3D%3D\" href=\"https:\/\/kpm-motor.com\/fr\/wp-content\/uploads\/2025\/03\/kpm-33.jpg\"><figure class=\"swiper-slide-inner\"><img decoding=\"async\" class=\"swiper-slide-image\" src=\"https:\/\/kpm-motor.com\/fr\/wp-content\/uploads\/2025\/03\/kpm-33.jpg\" alt=\"Podjetje KPM d.o.o.\" \/><\/figure><\/a><\/div>\t\t\t<\/div>\n\t\t\t\t\t\t\t\n\t\t\t\t\t\t\t\t\t<div class=\"swiper-pagination\"><\/div>\n\t\t\t\t\t\t\t\t\t<\/div>\n\t\t\t\t\t\t<\/div>\n\t\t\t\t<\/div>\n\t\t\t\t<\/div>\n\t\t<div class=\"elementor-element elementor-element-697b924 e-con-full e-flex e-con e-child\" data-id=\"697b924\" data-element_type=\"container\">\n\t\t\t\t<div class=\"elementor-element elementor-element-055eb04 elementor-invisible elementor-widget elementor-widget-heading\" data-id=\"055eb04\" data-element_type=\"widget\" data-settings=\"{&quot;_animation&quot;:&quot;fadeInDown&quot;}\" data-widget_type=\"heading.default\">\n\t\t\t\t<div class=\"elementor-widget-container\">\n\t\t\t\t\t<h2 class=\"elementor-heading-title elementor-size-default\">\u00c0 propos de la soci\u00e9t\u00e9<\/h2>\t\t\t\t<\/div>\n\t\t\t\t<\/div>\n\t\t\t\t<div class=\"elementor-element elementor-element-f172cfc elementor-widget-divider--view-line elementor-widget elementor-widget-divider\" data-id=\"f172cfc\" data-element_type=\"widget\" data-widget_type=\"divider.default\">\n\t\t\t\t<div class=\"elementor-widget-container\">\n\t\t\t\t\t\t\t<div class=\"elementor-divider\">\n\t\t\t<span class=\"elementor-divider-separator\">\n\t\t\t\t\t\t<\/span>\n\t\t<\/div>\n\t\t\t\t\t\t<\/div>\n\t\t\t\t<\/div>\n\t\t\t\t<div class=\"elementor-element elementor-element-06d929c elementor-invisible elementor-widget elementor-widget-heading\" data-id=\"06d929c\" data-element_type=\"widget\" data-settings=\"{&quot;_animation&quot;:&quot;fadeInUp&quot;}\" data-widget_type=\"heading.default\">\n\t\t\t\t<div class=\"elementor-widget-container\">\n\t\t\t\t\t<p class=\"elementor-heading-title elementor-size-default\">KPM Motor d.o.o. est une soci\u00e9t\u00e9 qui a commenc\u00e9 ses activit\u00e9s en 2015. Nous nous sp\u00e9cialisons dans l'achat et la vente de v\u00e9hicules neufs et l\u00e9g\u00e8rement usag\u00e9s de toutes marques. Notre \u00e9quipe combine plus de 15 ans d'exp\u00e9rience automobile, avec un fort accent sur la logistique et les proc\u00e9dures douani\u00e8res, ainsi que d'excellentes relations avec les fournisseurs \u00e0 travers l'UE.<\/p>\t\t\t\t<\/div>\n\t\t\t\t<\/div>\n\t\t\t\t<div class=\"elementor-element elementor-element-8db6676 elementor-invisible elementor-widget elementor-widget-heading\" data-id=\"8db6676\" data-element_type=\"widget\" data-settings=\"{&quot;_animation&quot;:&quot;fadeInUp&quot;}\" data-widget_type=\"heading.default\">\n\t\t\t\t<div class=\"elementor-widget-container\">\n\t\t\t\t\t<h2 class=\"elementor-heading-title elementor-size-default\">Nos services<\/h2>\t\t\t\t<\/div>\n\t\t\t\t<\/div>\n\t\t\t\t<div class=\"elementor-element elementor-element-5da67cc elementor-invisible elementor-widget elementor-widget-heading\" data-id=\"5da67cc\" data-element_type=\"widget\" data-settings=\"{&quot;_animation&quot;:&quot;fadeInUp&quot;}\" data-widget_type=\"heading.default\">\n\t\t\t\t<div class=\"elementor-widget-container\">\n\t\t\t\t\t<p class=\"elementor-heading-title elementor-size-default\">Dans notre soci\u00e9t\u00e9, la qualit\u00e9 de nos services passe en premier. Nous trouvons que la mise au point de la documentation commerciale est particuli\u00e8rement importante, car nous comprenons \u00e0 quel point cette \u00e9tape importe \u00e0 nos clients..<\/p>\t\t\t\t<\/div>\n\t\t\t\t<\/div>\n\t\t\t\t<div class=\"elementor-element elementor-element-425d12a elementor-hidden-desktop elementor-hidden-tablet elementor-widget elementor-widget-spacer\" data-id=\"425d12a\" data-element_type=\"widget\" data-widget_type=\"spacer.default\">\n\t\t\t\t<div class=\"elementor-widget-container\">\n\t\t\t\t\t\t\t<div class=\"elementor-spacer\">\n\t\t\t<div class=\"elementor-spacer-inner\"><\/div>\n\t\t<\/div>\n\t\t\t\t\t\t<\/div>\n\t\t\t\t<\/div>\n\t\t\t\t<div class=\"elementor-element elementor-element-73cfe41 elementor-hidden-tablet elementor-hidden-mobile elementor-widget elementor-widget-spacer\" data-id=\"73cfe41\" data-element_type=\"widget\" data-widget_type=\"spacer.default\">\n\t\t\t\t<div class=\"elementor-widget-container\">\n\t\t\t\t\t\t\t<div class=\"elementor-spacer\">\n\t\t\t<div class=\"elementor-spacer-inner\"><\/div>\n\t\t<\/div>\n\t\t\t\t\t\t<\/div>\n\t\t\t\t<\/div>\n\t\t\t\t<div class=\"elementor-element elementor-element-f52a5fb elementor-widget elementor-widget-text-editor\" data-id=\"f52a5fb\" data-element_type=\"widget\" data-widget_type=\"text-editor.default\">\n\t\t\t\t<div class=\"elementor-widget-container\">\n\t\t\t\t\t\t\t\t\t<p><img decoding=\"async\" class=\"alignnone size-medium wp-image-1925\" src=\"https:\/\/kpm-motor.com\/fr\/wp-content\/uploads\/2025\/03\/kpm-23-213x300.jpg\" alt=\"Kpm d.o.o.\" width=\"213\" height=\"300\" srcset=\"https:\/\/kpm-motor.com\/fr\/wp-content\/uploads\/2025\/03\/kpm-23-213x300.jpg 213w, https:\/\/kpm-motor.com\/fr\/wp-content\/uploads\/2025\/03\/kpm-23-726x1024.jpg 726w, https:\/\/kpm-motor.com\/fr\/wp-content\/uploads\/2025\/03\/kpm-23-768x1084.jpg 768w, https:\/\/kpm-motor.com\/fr\/wp-content\/uploads\/2025\/03\/kpm-23.jpg 800w\" sizes=\"(max-width: 213px) 100vw, 213px\" \/><\/p>\t\t\t\t\t\t\t\t<\/div>\n\t\t\t\t<\/div>\n\t\t\t\t<\/div>\n\t\t\t\t\t<\/div>\n\t\t\t\t<\/div>\n\t\t\t\t<\/div>\n\t\t\t\t<\/div>\n\t\t","protected":false},"excerpt":{"rendered":"<p>\u00c0 propos de la soci\u00e9t\u00e9 \u00c0 propos de la soci\u00e9t\u00e9 KPM Motor d.o.o. est une soci\u00e9t\u00e9 qui a commenc\u00e9 ses activit\u00e9s en 2015. Nous nous sp\u00e9cialisons dans l&#8217;achat et la vente de v\u00e9hicules neufs et l\u00e9g\u00e8rement usag\u00e9s de toutes marques. Notre \u00e9quipe combine plus de 15 ans d&#8217;exp\u00e9rience automobile, avec un fort accent sur la [&hellip;]<\/p>\n","protected":false},"author":1,"featured_media":0,"parent":0,"menu_order":0,"comment_status":"closed","ping_status":"closed","template":"","meta":{"_seopress_robots_primary_cat":"","_seopress_titles_title":"","_seopress_titles_desc":"","_seopress_robots_index":"","site-sidebar-layout":"no-sidebar","site-content-layout":"page-builder","ast-site-content-layout":"full-width-container","site-content-style":"unboxed","site-sidebar-style":"unboxed","ast-global-header-display":"","ast-banner-title-visibility":"disabled","ast-main-header-display":"","ast-hfb-above-header-display":"","ast-hfb-below-header-display":"","ast-hfb-mobile-header-display":"","site-post-title":"disabled","ast-breadcrumbs-content":"","ast-featured-img":"disabled","footer-sml-layout":"","theme-transparent-header-meta":"enabled","adv-header-id-meta":"","stick-header-meta":"","header-above-stick-meta":"","header-main-stick-meta":"","header-below-stick-meta":"","astra-migrate-meta-layouts":"set","ast-page-background-enabled":"default","ast-page-background-meta":{"desktop":{"background-color":"var(--ast-global-color-4)","background-image":"","background-repeat":"repeat","background-position":"center center","background-size":"auto","background-attachment":"scroll","background-type":"","background-media":"","overlay-type":"","overlay-color":"","overlay-opacity":"","overlay-gradient":""},"tablet":{"background-color":"","background-image":"","background-repeat":"repeat","background-position":"center center","background-size":"auto","background-attachment":"scroll","background-type":"","background-media":"","overlay-type":"","overlay-color":"","overlay-opacity":"","overlay-gradient":""},"mobile":{"background-color":"","background-image":"","background-repeat":"repeat","background-position":"center center","background-size":"auto","background-attachment":"scroll","background-type":"","background-media":"","overlay-type":"","overlay-color":"","overlay-opacity":"","overlay-gradient":""}},"ast-content-background-meta":{"desktop":{"background-color":"var(--ast-global-color-5)","background-image":"","background-repeat":"repeat","background-position":"center center","background-size":"auto","background-attachment":"scroll","background-type":"","background-media":"","overlay-type":"","overlay-color":"","overlay-opacity":"","overlay-gradient":""},"tablet":{"background-color":"var(--ast-global-color-5)","background-image":"","background-repeat":"repeat","background-position":"center center","background-size":"auto","background-attachment":"scroll","background-type":"","background-media":"","overlay-type":"","overlay-color":"","overlay-opacity":"","overlay-gradient":""},"mobile":{"background-color":"var(--ast-global-color-5)","background-image":"","background-repeat":"repeat","background-position":"center center","background-size":"auto","background-attachment":"scroll","background-type":"","background-media":"","overlay-type":"","overlay-color":"","overlay-opacity":"","overlay-gradient":""}},"footnotes":""},"class_list":["post-13","page","type-page","status-publish","hentry"],"_links":{"self":[{"href":"https:\/\/kpm-motor.com\/fr\/wp-json\/wp\/v2\/pages\/13","targetHints":{"allow":["GET"]}}],"collection":[{"href":"https:\/\/kpm-motor.com\/fr\/wp-json\/wp\/v2\/pages"}],"about":[{"href":"https:\/\/kpm-motor.com\/fr\/wp-json\/wp\/v2\/types\/page"}],"author":[{"embeddable":true,"href":"https:\/\/kpm-motor.com\/fr\/wp-json\/wp\/v2\/users\/1"}],"replies":[{"embeddable":true,"href":"https:\/\/kpm-motor.com\/fr\/wp-json\/wp\/v2\/comments?post=13"}],"version-history":[{"count":0,"href":"https:\/\/kpm-motor.com\/fr\/wp-json\/wp\/v2\/pages\/13\/revisions"}],"wp:attachment":[{"href":"https:\/\/kpm-motor.com\/fr\/wp-json\/wp\/v2\/media?parent=13"}],"curies":[{"name":"wp","href":"https:\/\/api.w.org\/{rel}","templated":true}]}}